{"id":1002,"date":"2024-03-06T14:10:14","date_gmt":"2024-03-06T13:10:14","guid":{"rendered":"http:\/\/localhost\/?page_id=1002"},"modified":"2024-03-17T11:40:55","modified_gmt":"2024-03-17T10:40:55","slug":"conference-de-serge-legat","status":"publish","type":"page","link":"https:\/\/xn--amismusecrozatier-htb.fr\/index.php\/conference-de-serge-legat\/","title":{"rendered":"Artemisia Gentiliseschi, gloire, violence et passion d\u2019une femme peintre. Conf\u00e9rence de Serge Legat."},"content":{"rendered":"\n<div style=\"height:20px\" aria-hidden=\"true\" class=\"wp-block-spacer\"><\/div>\n\n\n\n<h5 class=\"wp-block-heading has-tablet-text-align-center has-mobile-text-align-center\">Artemisia Gentiliseschi, gloire, violence et passion d\u2019une femme peintre. Conf\u00e9rence de Serge Legat.<\/h5>\n\n\n\n<p class=\"has-text-align-center has-ek-indent\" style=\"--ek-indent:20px\"><strong>Artemisia Gentileschi <\/strong>est n\u00e9e \u00e0 Rome en 1593 et meurt \u00e0 Naples en 1654.<br>Elle est la fille du peintre Orazio Gentileschi, dont elle est l\u2019\u00e9l\u00e8ve, et, comme lui, elle s\u2019apparente au courant de la peinture caravagesque et peut \u00eatre consid\u00e9r\u00e9e comme l\u2019une des grandes figures du Baroque italien.<br>Sous la Renaissance, l\u2019Humanisme accorde une nouvelle importance \u00e0 la vie en soci\u00e9t\u00e9 mais les femmes demeurent rares dans l\u2019univers de la cr\u00e9ation artistique. Au-del\u00e0 de tous les pr\u00e9jug\u00e9s et de toutes les r\u00e9ticences, d\u2019une vie marqu\u00e9e par les drames et la violence, Artemisia Gentileschi est, et demeure, une \u00e9tape capitale dans la reconnaissance du talent des femmes et dans l\u2019affirmation de leur place et de leur r\u00f4le dans le monde de l\u2019art. Elle \u00e9crit, dans une de ses lettres : Vous trouverez en moi l\u2019\u00e2me de C\u00e9sar dans un corps de femme.<br>On ne peut mieux dire \u2026<\/p>\n\n\n\t\t<div class='wp-block-vpb-video  align' id='vpbVideoPlayer-9892beaa-d' data-attributes='{&quot;clientId&quot;:&quot;9892beaa-d&quot;,&quot;source&quot;:&quot;https:\\\/\\\/xn--amismusecrozatier-htb.fr\\\/wp-content\\\/uploads\\\/2024\\\/03\\\/artemisia-gentileschi_2.mp4&quot;,&quot;poster&quot;:&quot;https:\\\/\\\/xn--amismusecrozatier-htb.fr\\\/wp-content\\\/uploads\\\/2024\\\/03\\\/artemi.png&quot;,&quot;controls&quot;:{&quot;play-large&quot;:true,&quot;restart&quot;:false,&quot;rewind&quot;:true,&quot;play&quot;:true,&quot;fast-forward&quot;:true,&quot;progress&quot;:true,&quot;current-time&quot;:true,&quot;duration&quot;:false,&quot;mute&quot;:true,&quot;volume&quot;:true,&quot;pip&quot;:false,&quot;airplay&quot;:false,&quot;settings&quot;:false,&quot;download&quot;:false,&quot;fullscreen&quot;:true},&quot;radius&quot;:&quot;5px&quot;,&quot;editorskit&quot;:{&quot;tabletAlignment&quot;:&quot;center&quot;,&quot;mobileAlignment&quot;:&quot;center&quot;,&quot;devices&quot;:false,&quot;desktop&quot;:true,&quot;tablet&quot;:true,&quot;mobile&quot;:true,&quot;loggedin&quot;:true,&quot;loggedout&quot;:true,&quot;acf_visibility&quot;:&quot;&quot;,&quot;acf_field&quot;:&quot;&quot;,&quot;acf_condition&quot;:&quot;&quot;,&quot;acf_value&quot;:&quot;&quot;,&quot;migrated&quot;:false,&quot;unit_test&quot;:false},&quot;align&quot;:&quot;&quot;,&quot;width&quot;:&quot;100%&quot;,&quot;repeat&quot;:false,&quot;autoplay&quot;:false,&quot;muted&quot;:false,&quot;resetOnEnd&quot;:false,&quot;autoHideControl&quot;:true}'><\/div>\r\n\r\n\t\t\n\n\n<div class=\"wp-block-buttons is-content-justification-center is-layout-flex wp-container-core-buttons-is-layout-a89b3969 wp-block-buttons-is-layout-flex\">\n<div class=\"wp-block-button has-custom-width wp-block-button__width-50 is-style-outline is-style-outline--1\"><a class=\"wp-block-button__link has-white-background-color has-background wp-element-button\" href=\"https:\/\/xn--amismusecrozatier-htb.fr\/index.php\/doc-samc\/\">Retour<\/a><\/div>\n<\/div>\n","protected":false},"excerpt":{"rendered":"<p>Artemisia Gentiliseschi, gloire, violence et passion d\u2019une femme peintre. Conf\u00e9rence de Serge Legat. Artemisia Gentileschi est n\u00e9e \u00e0 Rome en 1593 et meurt \u00e0 Naples en 1654.Elle est la fille du peintre Orazio Gentileschi, dont elle est l\u2019\u00e9l\u00e8ve, et, comme lui, elle s\u2019apparente au courant de la peinture caravagesque et peut \u00eatre consid\u00e9r\u00e9e comme l\u2019une [&hellip;]<\/p>\n","protected":false},"author":1,"featured_media":0,"parent":0,"menu_order":0,"comment_status":"closed","ping_status":"closed","template":"","meta":{"qubely_global_settings":"","qubely_interactions":"","_editorskit_title_hidden":false,"_editorskit_reading_time":0,"_editorskit_is_block_options_detached":false,"_editorskit_block_options_position":"{}","footnotes":""},"folder":[31],"class_list":["post-1002","page","type-page","status-publish","hentry"],"blocksy_meta":[],"_links":{"self":[{"href":"https:\/\/xn--amismusecrozatier-htb.fr\/index.php\/wp-json\/wp\/v2\/pages\/1002","targetHints":{"allow":["GET"]}}],"collection":[{"href":"https:\/\/xn--amismusecrozatier-htb.fr\/index.php\/wp-json\/wp\/v2\/pages"}],"about":[{"href":"https:\/\/xn--amismusecrozatier-htb.fr\/index.php\/wp-json\/wp\/v2\/types\/page"}],"author":[{"embeddable":true,"href":"https:\/\/xn--amismusecrozatier-htb.fr\/index.php\/wp-json\/wp\/v2\/users\/1"}],"replies":[{"embeddable":true,"href":"https:\/\/xn--amismusecrozatier-htb.fr\/index.php\/wp-json\/wp\/v2\/comments?post=1002"}],"version-history":[{"count":6,"href":"https:\/\/xn--amismusecrozatier-htb.fr\/index.php\/wp-json\/wp\/v2\/pages\/1002\/revisions"}],"predecessor-version":[{"id":2038,"href":"https:\/\/xn--amismusecrozatier-htb.fr\/index.php\/wp-json\/wp\/v2\/pages\/1002\/revisions\/2038"}],"wp:attachment":[{"href":"https:\/\/xn--amismusecrozatier-htb.fr\/index.php\/wp-json\/wp\/v2\/media?parent=1002"}],"wp:term":[{"taxonomy":"folder","embeddable":true,"href":"https:\/\/xn--amismusecrozatier-htb.fr\/index.php\/wp-json\/wp\/v2\/folder?post=1002"}],"curies":[{"name":"wp","href":"https:\/\/api.w.org\/{rel}","templated":true}]}}