{"id":1190,"date":"2024-03-08T10:32:27","date_gmt":"2024-03-08T09:32:27","guid":{"rendered":"http:\/\/localhost\/?page_id=1190"},"modified":"2024-03-17T11:36:38","modified_gmt":"2024-03-17T10:36:38","slug":"nouvelle-page-video-par-copie-colle","status":"publish","type":"page","link":"https:\/\/xn--amismusecrozatier-htb.fr\/index.php\/nouvelle-page-video-par-copie-colle\/","title":{"rendered":"L\u2019autoportrait, entre affirmation, refus et construction de soi. Conf\u00e9rence de Cyril Dev\u00e8s."},"content":{"rendered":"\n<div style=\"height:20px\" aria-hidden=\"true\" class=\"wp-block-spacer\"><\/div>\n\n\n\n<h5 class=\"wp-block-heading has-text-align-center\">L\u2019autoportrait, entre affirmation, refus et construction de soi. Conf\u00e9rence de Cyril Dev\u00e8s.<\/h5>\n\n\n\n<p class=\"has-text-align-center\">Par le biais de l\u2019autoportrait, l\u2019artiste est confront\u00e9 \u00e0 sa propre v\u00e9rit\u00e9. Entre<br>rejet, acceptation et fabrication de son identit\u00e9, l\u2019autoportrait est avant<br>tout une cr\u00e9ation.<br>Mais quel rapport entretient l\u2019artiste avec son image ? En quoi l\u2019art de<br>l\u2019autoportrait permet-il de saisir le dialogue entre l\u2019artiste et le public ?<br>Ce cheminement entre images et r\u00e9cits ne pourra qu\u2019avoir de multiples<br>issues, la plasticit\u00e9 de l\u2019identit\u00e9 \u00e9tant telle, qu\u2019elle offre une pluralit\u00e9<br>d\u2019interpr\u00e9tations. Une invitation \u00e0 plonger dans les regards des artistes<br>qui nous fascinent tant par leur cr\u00e9ation.<\/p>\n\n\n\t\t<div class='wp-block-vpb-video  align' id='vpbVideoPlayer-2f453e38-c' data-attributes='{&quot;clientId&quot;:&quot;2f453e38-c&quot;,&quot;source&quot;:&quot;https:\\\/\\\/xn--amismusecrozatier-htb.fr\\\/wp-content\\\/uploads\\\/2024\\\/03\\\/autop.mp4&quot;,&quot;poster&quot;:&quot;https:\\\/\\\/xn--amismusecrozatier-htb.fr\\\/wp-content\\\/uploads\\\/2024\\\/03\\\/mini.gif&quot;,&quot;controls&quot;:{&quot;play-large&quot;:true,&quot;restart&quot;:false,&quot;rewind&quot;:true,&quot;play&quot;:true,&quot;fast-forward&quot;:true,&quot;progress&quot;:true,&quot;current-time&quot;:true,&quot;duration&quot;:false,&quot;mute&quot;:true,&quot;volume&quot;:true,&quot;pip&quot;:false,&quot;airplay&quot;:false,&quot;settings&quot;:false,&quot;download&quot;:false,&quot;fullscreen&quot;:true},&quot;radius&quot;:&quot;5px&quot;,&quot;align&quot;:&quot;&quot;,&quot;width&quot;:&quot;100%&quot;,&quot;repeat&quot;:false,&quot;autoplay&quot;:false,&quot;muted&quot;:false,&quot;resetOnEnd&quot;:false,&quot;autoHideControl&quot;:true}'><\/div>\r\n\r\n\t\t\n\n\n<div class=\"wp-block-buttons is-content-justification-center is-layout-flex wp-container-core-buttons-is-layout-749adb30 wp-block-buttons-is-layout-flex\">\n<div class=\"wp-block-button has-custom-width wp-block-button__width-50 is-style-outline is-style-outline--1\"><a class=\"wp-block-button__link has-white-background-color has-background wp-element-button\" href=\"https:\/\/xn--amismusecrozatier-htb.fr\/index.php\/doc-samc\/\">Retour<\/a><\/div>\n<\/div>\n","protected":false},"excerpt":{"rendered":"<p>L\u2019autoportrait, entre affirmation, refus et construction de soi. Conf\u00e9rence de Cyril Dev\u00e8s. Par le biais de l\u2019autoportrait, l\u2019artiste est confront\u00e9 \u00e0 sa propre v\u00e9rit\u00e9. Entrerejet, acceptation et fabrication de son identit\u00e9, l\u2019autoportrait est avanttout une cr\u00e9ation.Mais quel rapport entretient l\u2019artiste avec son image ? En quoi l\u2019art del\u2019autoportrait permet-il de saisir le dialogue entre l\u2019artiste [&hellip;]<\/p>\n","protected":false},"author":1,"featured_media":0,"parent":0,"menu_order":0,"comment_status":"closed","ping_status":"closed","template":"","meta":{"qubely_global_settings":"","qubely_interactions":"","_editorskit_title_hidden":false,"_editorskit_reading_time":0,"_editorskit_is_block_options_detached":false,"_editorskit_block_options_position":"{}","footnotes":""},"folder":[31],"class_list":["post-1190","page","type-page","status-publish","hentry"],"blocksy_meta":[],"_links":{"self":[{"href":"https:\/\/xn--amismusecrozatier-htb.fr\/index.php\/wp-json\/wp\/v2\/pages\/1190","targetHints":{"allow":["GET"]}}],"collection":[{"href":"https:\/\/xn--amismusecrozatier-htb.fr\/index.php\/wp-json\/wp\/v2\/pages"}],"about":[{"href":"https:\/\/xn--amismusecrozatier-htb.fr\/index.php\/wp-json\/wp\/v2\/types\/page"}],"author":[{"embeddable":true,"href":"https:\/\/xn--amismusecrozatier-htb.fr\/index.php\/wp-json\/wp\/v2\/users\/1"}],"replies":[{"embeddable":true,"href":"https:\/\/xn--amismusecrozatier-htb.fr\/index.php\/wp-json\/wp\/v2\/comments?post=1190"}],"version-history":[{"count":6,"href":"https:\/\/xn--amismusecrozatier-htb.fr\/index.php\/wp-json\/wp\/v2\/pages\/1190\/revisions"}],"predecessor-version":[{"id":2030,"href":"https:\/\/xn--amismusecrozatier-htb.fr\/index.php\/wp-json\/wp\/v2\/pages\/1190\/revisions\/2030"}],"wp:attachment":[{"href":"https:\/\/xn--amismusecrozatier-htb.fr\/index.php\/wp-json\/wp\/v2\/media?parent=1190"}],"wp:term":[{"taxonomy":"folder","embeddable":true,"href":"https:\/\/xn--amismusecrozatier-htb.fr\/index.php\/wp-json\/wp\/v2\/folder?post=1190"}],"curies":[{"name":"wp","href":"https:\/\/api.w.org\/{rel}","templated":true}]}}