{"id":2962,"date":"2012-06-04T08:40:51","date_gmt":"2012-06-04T06:40:51","guid":{"rendered":"https:\/\/xn--amismusecrozatier-htb.fr\/?page_id=2962"},"modified":"2024-04-04T14:55:02","modified_gmt":"2024-04-04T12:55:02","slug":"nuit-des-musees","status":"publish","type":"page","link":"https:\/\/xn--amismusecrozatier-htb.fr\/index.php\/nuit-des-musees\/","title":{"rendered":"Nuit des mus\u00e9es (2012)."},"content":{"rendered":"\n<h1 class=\"wp-block-heading has-text-align-center\"><strong>Nuit des Mus\u00e9es 2012<\/strong><br>La Soci\u00e9t\u00e9 des Amis du mus\u00e9e Crozatier et le mus\u00e9e Crozatier, ont propos\u00e9 une Nuit des mus\u00e9es singuli\u00e8re.<\/h1>\n\n\n\n<blockquote class=\"wp-block-quote is-layout-flow wp-block-quote-is-layout-flow\">\n<p class=\"has-text-align-center\"><br><strong>La nuit, tous les arts sont\u2026<\/strong><\/p>\n<\/blockquote>\n\n\n\n<p class=\"has-text-align-center\"><br>Mise en son, lumi\u00e8re et couleurs des collections du mus\u00e9e Crozatier \u00e0<br>travers les regards crois\u00e9s des ateliers d\u2019arts plastiques et d\u2019\u00e9criture,sur une<br>musique de R.Ang\u00e9nieux, avec la participation du groupe musical<br>\u00abCouleurs du Sud\u00bb.<\/p>\n\n\n\t\t<div class='wp-block-vpb-video  align' id='vpbVideoPlayer-1c5ddb1f-6' data-attributes='{&quot;clientId&quot;:&quot;1c5ddb1f-6&quot;,&quot;source&quot;:&quot;https:\\\/\\\/xn--amismusecrozatier-htb.fr\\\/wp-content\\\/uploads\\\/2024\\\/04\\\/nuit.mp4&quot;,&quot;poster&quot;:&quot;https:\\\/\\\/xn--amismusecrozatier-htb.fr\\\/wp-content\\\/uploads\\\/2024\\\/04\\\/nuit.jpg&quot;,&quot;controls&quot;:{&quot;play-large&quot;:true,&quot;restart&quot;:false,&quot;rewind&quot;:true,&quot;play&quot;:true,&quot;fast-forward&quot;:true,&quot;progress&quot;:true,&quot;current-time&quot;:true,&quot;duration&quot;:false,&quot;mute&quot;:true,&quot;volume&quot;:true,&quot;pip&quot;:false,&quot;airplay&quot;:false,&quot;settings&quot;:false,&quot;download&quot;:false,&quot;fullscreen&quot;:true},&quot;radius&quot;:&quot;5px&quot;,&quot;align&quot;:&quot;&quot;,&quot;width&quot;:&quot;100%&quot;,&quot;repeat&quot;:false,&quot;autoplay&quot;:false,&quot;muted&quot;:false,&quot;resetOnEnd&quot;:false,&quot;autoHideControl&quot;:true}'><\/div>\r\n\r\n\t\t\n\n\n<div class=\"wp-block-buttons is-content-justification-center is-layout-flex wp-container-core-buttons-is-layout-749adb30 wp-block-buttons-is-layout-flex\">\n<div class=\"wp-block-button has-custom-width wp-block-button__width-50 is-style-outline is-style-outline--1\"><a class=\"wp-block-button__link has-white-background-color has-background wp-element-button\" href=\"https:\/\/xn--amismusecrozatier-htb.fr\/index.php\/doc-samc\/\">Retour<\/a><\/div>\n<\/div>\n","protected":false},"excerpt":{"rendered":"<p>Nuit des Mus\u00e9es 2012La Soci\u00e9t\u00e9 des Amis du mus\u00e9e Crozatier et le mus\u00e9e Crozatier, ont propos\u00e9 une Nuit des mus\u00e9es singuli\u00e8re. La nuit, tous les arts sont\u2026 Mise en son, lumi\u00e8re et couleurs des collections du mus\u00e9e Crozatier \u00e0travers les regards crois\u00e9s des ateliers d\u2019arts plastiques et d\u2019\u00e9criture,sur unemusique de R.Ang\u00e9nieux, avec la participation du [&hellip;]<\/p>\n","protected":false},"author":1,"featured_media":0,"parent":0,"menu_order":0,"comment_status":"closed","ping_status":"closed","template":"","meta":{"qubely_global_settings":"","qubely_interactions":"","_editorskit_title_hidden":false,"_editorskit_reading_time":0,"_editorskit_is_block_options_detached":false,"_editorskit_block_options_position":"{}","footnotes":""},"folder":[20],"class_list":["post-2962","page","type-page","status-publish","hentry"],"blocksy_meta":[],"_links":{"self":[{"href":"https:\/\/xn--amismusecrozatier-htb.fr\/index.php\/wp-json\/wp\/v2\/pages\/2962","targetHints":{"allow":["GET"]}}],"collection":[{"href":"https:\/\/xn--amismusecrozatier-htb.fr\/index.php\/wp-json\/wp\/v2\/pages"}],"about":[{"href":"https:\/\/xn--amismusecrozatier-htb.fr\/index.php\/wp-json\/wp\/v2\/types\/page"}],"author":[{"embeddable":true,"href":"https:\/\/xn--amismusecrozatier-htb.fr\/index.php\/wp-json\/wp\/v2\/users\/1"}],"replies":[{"embeddable":true,"href":"https:\/\/xn--amismusecrozatier-htb.fr\/index.php\/wp-json\/wp\/v2\/comments?post=2962"}],"version-history":[{"count":3,"href":"https:\/\/xn--amismusecrozatier-htb.fr\/index.php\/wp-json\/wp\/v2\/pages\/2962\/revisions"}],"predecessor-version":[{"id":3215,"href":"https:\/\/xn--amismusecrozatier-htb.fr\/index.php\/wp-json\/wp\/v2\/pages\/2962\/revisions\/3215"}],"wp:attachment":[{"href":"https:\/\/xn--amismusecrozatier-htb.fr\/index.php\/wp-json\/wp\/v2\/media?parent=2962"}],"wp:term":[{"taxonomy":"folder","embeddable":true,"href":"https:\/\/xn--amismusecrozatier-htb.fr\/index.php\/wp-json\/wp\/v2\/folder?post=2962"}],"curies":[{"name":"wp","href":"https:\/\/api.w.org\/{rel}","templated":true}]}}