{"id":4933,"date":"2026-02-27T11:16:23","date_gmt":"2026-02-27T10:16:23","guid":{"rendered":"https:\/\/xn--amismusecrozatier-htb.fr\/?page_id=4933"},"modified":"2026-02-28T10:14:25","modified_gmt":"2026-02-28T09:14:25","slug":"spams","status":"publish","type":"page","link":"https:\/\/xn--amismusecrozatier-htb.fr\/index.php\/spams\/","title":{"rendered":"Spams"},"content":{"rendered":"\n<h4 class=\"wp-block-heading\">Nos messages peuvent parfois arriver par erreur dans votre bo\u00eete&nbsp;<em>courriers ind\u00e9sirables (spams)<\/em>.&nbsp;<\/h4>\n\n\n\n<h4 class=\"wp-block-heading\">Voici deux actions simples pour essayer d&rsquo;\u00e9viter que cela ne se produise.<\/h4>\n\n\n\n<div class=\"wp-block-boldblocks-icon-separator\" role=\"separator\"><div class=\"wp-block-boldblocks-icon-separator__inner icon-center is-align-center\" style=\"--bb--width--sm:var(--bb--width--lg);--bb--width--md:var(--bb--width--lg);--bb--width--lg:75%;--bb-border:1px solid;--bb--icon-width:1em;--bb--icon-spacing:.5em\"><\/div><\/div>\n\n\n\n<h2 class=\"wp-block-heading\">&nbsp;1. Ajouter notre adresse <a href=\"mailto:infosamc@amismus%C3%A9ecrozatier.fr\" target=\"_blank\" rel=\"noreferrer noopener\">infosamc@amismus\u00e9ecrozatier.fr<\/a> \u00e0 vos contacts.<\/h2>\n\n\n\n<p><strong>Sur ordinateur<\/strong><\/p>\n\n\n\n<p>&#8211; Ouvrez un message SAMC.<\/p>\n\n\n\n<p>&#8211; Cliquez sur le <strong>nom ou l\u2019avatar&nbsp;<\/strong><strong>SAMC&nbsp;<\/strong><strong>(le petit rond avec la lettre S ou&nbsp; le logo SAMC) <\/strong>.<\/p>\n\n\n\n<p>&#8211; Dans la fen\u00eatre qui s\u2019ouvre, cliquez sur <strong>\u00ab Ajouter aux contacts \u00bb<\/strong>.<\/p>\n\n\n\n<p><strong>Sur iPhone \/ iPad<\/strong><\/p>\n\n\n\n<p>&#8211; Ouvrez le message SAMC.<\/p>\n\n\n\n<p>&#8211; Touchez le <strong>nom ou l\u2019adresse e-mail<\/strong> en haut du message.<\/p>\n\n\n\n<p>&#8211; S\u00e9lectionnez <strong>\u00ab Ajouter aux contacts \u00bb<\/strong>.<\/p>\n\n\n\n<p><strong>Sur Android<\/strong><\/p>\n\n\n\n<p>&#8211; Ouvrez le message SAMC.<\/p>\n\n\n\n<p>&#8211; Touchez le <strong>nom ou l\u2019avatar<\/strong>.<\/p>\n\n\n\n<p>&#8211; S\u00e9lectionnez <strong>\u00ab Ajouter aux contacts \u00bb<\/strong> ou <strong>\u00ab Cr\u00e9er un contact \u00bb<\/strong>.<\/p>\n\n\n\n<ul class=\"wp-block-list\">\n<li>Selon la messagerie, les libell\u00e9s peuvent varier, l\u2019important est d\u2019ajouter notre adresse \u00e0 vos contacts.&nbsp; &nbsp; &nbsp;<\/li>\n\n\n\n<li>Si vous ne voyez pas \u00ab Ajouter aux contacts \u00bb ou \u00ab Cr\u00e9er un contact \u00bb c\u2019est que, peut-\u00eatre, notre adresse est d\u00e9j\u00e0 dans vos contacts&nbsp;!<\/li>\n\n\n\n<li>Nous utilisons deux bo\u00eetes d\u2019envoi. Cette proc\u00e9dure est donc \u00e0 faire pour la bo\u00eete la plus courante&nbsp;<a href=\"mailto:infosamc@amismus\u00e9ecrozatier.fr\" target=\"_blank\" rel=\"noreferrer noopener\">infosamc@amismus\u00e9ecrozatier.fr<\/a>&nbsp;mais pourra \u00eatre r\u00e9p\u00e9t\u00e9e pour la bo\u00eete&nbsp;&nbsp;<a href=\"mailto:reservation@amismus\u00e9ecrozatier.fr\" target=\"_blank\" rel=\"noreferrer noopener\">reservation@amismus\u00e9ecrozatier.fr<\/a>&nbsp;utilis\u00e9e pour les voyages ou sorties.<\/li>\n<\/ul>\n\n\n\n<div class=\"wp-block-boldblocks-icon-separator\" role=\"separator\"><div class=\"wp-block-boldblocks-icon-separator__inner icon-center is-align-center\" style=\"--bb--width--sm:var(--bb--width--lg);--bb--width--md:var(--bb--width--lg);--bb--width--lg:75%;--bb-border:1px solid;--bb--icon-width:1em;--bb--icon-spacing:.5em\"><\/div><\/div>\n\n\n\n<h4 class=\"wp-block-heading\">&nbsp;2. Important. Si un message SAMC arrive dans les spams il faut le d\u00e9placer, des spams vers la bo\u00eete de r\u00e9ception, faute de quoi il ira probablement les prochaines fois dans la bo\u00eete Spams.<\/h4>\n\n\n\n<div class=\"wp-block-boldblocks-icon-separator\" role=\"separator\"><div class=\"wp-block-boldblocks-icon-separator__inner icon-center is-align-center\" style=\"--bb--width--sm:var(--bb--width--lg);--bb--width--md:var(--bb--width--lg);--bb--width--lg:75%;--bb-border:1px solid;--bb--icon-width:1em;--bb--icon-spacing:.5em\"><\/div><\/div>\n\n\n\n<p><strong>Sur ordinateur<\/strong><\/p>\n\n\n\n<p>&#8211; Ouvrez le message.<\/p>\n\n\n\n<p>&#8211; Cliquez sur <strong>\u00ab Signaler comme non spam \u00bb<\/strong>.<\/p>\n\n\n\n<p><strong>Sur iPhone \/ iPad<\/strong><\/p>\n\n\n\n<p>&#8211; Ouvrez le message.<\/p>\n\n\n\n<p>&#8211; Touchez <strong>\u00ab D\u00e9placer vers la bo\u00eete de r\u00e9ception \u00bb<\/strong>.<\/p>\n\n\n\n<p><strong>Sur Android<\/strong><\/p>\n\n\n\n<p><strong>&#8211;&nbsp;<\/strong>Ouvrez le message.<\/p>\n\n\n\n<p>&#8211; Touchez <strong>les trois points<\/strong> \u2192 <strong>\u00ab Marquer comme non spam \u00bb<\/strong>.<\/p>\n\n\n\n<div class=\"wp-block-boldblocks-icon-separator\" role=\"separator\"><div class=\"wp-block-boldblocks-icon-separator__inner icon-center is-align-center\" style=\"--bb--width--sm:var(--bb--width--lg);--bb--width--md:var(--bb--width--lg);--bb--width--lg:75%;--bb-border:1px solid;--bb--icon-width:1em;--bb--icon-spacing:.5em\"><\/div><\/div>\n\n\n\n<p><strong>De fa\u00e7on g\u00e9n\u00e9rale, il faut penser \u00e0 v\u00e9rifier r\u00e9guli\u00e8rement sa bo\u00eete Spams car il se peut que notre courrier, ou d\u2019autres courriers importants, y soient dirig\u00e9s<\/strong><\/p>\n\n\n\n<p><\/p>\n","protected":false},"excerpt":{"rendered":"<p>Nos messages peuvent parfois arriver par erreur dans votre bo\u00eete&nbsp;courriers ind\u00e9sirables (spams).&nbsp; Voici deux actions simples pour essayer d&rsquo;\u00e9viter que cela ne se produise. &nbsp;1. Ajouter notre adresse infosamc@amismus\u00e9ecrozatier.fr \u00e0 vos contacts. Sur ordinateur &#8211; Ouvrez un message SAMC. &#8211; Cliquez sur le nom ou l\u2019avatar&nbsp;SAMC&nbsp;(le petit rond avec la lettre S ou&nbsp; le logo [&hellip;]<\/p>\n","protected":false},"author":1,"featured_media":0,"parent":0,"menu_order":0,"comment_status":"closed","ping_status":"closed","template":"","meta":{"qubely_global_settings":"","qubely_interactions":"","_editorskit_title_hidden":false,"_editorskit_reading_time":0,"_editorskit_is_block_options_detached":false,"_editorskit_block_options_position":"{}","footnotes":""},"folder":[],"class_list":["post-4933","page","type-page","status-publish","hentry"],"blocksy_meta":[],"_links":{"self":[{"href":"https:\/\/xn--amismusecrozatier-htb.fr\/index.php\/wp-json\/wp\/v2\/pages\/4933","targetHints":{"allow":["GET"]}}],"collection":[{"href":"https:\/\/xn--amismusecrozatier-htb.fr\/index.php\/wp-json\/wp\/v2\/pages"}],"about":[{"href":"https:\/\/xn--amismusecrozatier-htb.fr\/index.php\/wp-json\/wp\/v2\/types\/page"}],"author":[{"embeddable":true,"href":"https:\/\/xn--amismusecrozatier-htb.fr\/index.php\/wp-json\/wp\/v2\/users\/1"}],"replies":[{"embeddable":true,"href":"https:\/\/xn--amismusecrozatier-htb.fr\/index.php\/wp-json\/wp\/v2\/comments?post=4933"}],"version-history":[{"count":2,"href":"https:\/\/xn--amismusecrozatier-htb.fr\/index.php\/wp-json\/wp\/v2\/pages\/4933\/revisions"}],"predecessor-version":[{"id":4937,"href":"https:\/\/xn--amismusecrozatier-htb.fr\/index.php\/wp-json\/wp\/v2\/pages\/4933\/revisions\/4937"}],"wp:attachment":[{"href":"https:\/\/xn--amismusecrozatier-htb.fr\/index.php\/wp-json\/wp\/v2\/media?parent=4933"}],"wp:term":[{"taxonomy":"folder","embeddable":true,"href":"https:\/\/xn--amismusecrozatier-htb.fr\/index.php\/wp-json\/wp\/v2\/folder?post=4933"}],"curies":[{"name":"wp","href":"https:\/\/api.w.org\/{rel}","templated":true}]}}