{"id":738,"date":"2024-03-04T10:50:54","date_gmt":"2024-03-04T09:50:54","guid":{"rendered":"http:\/\/localhost\/?page_id=738"},"modified":"2024-03-25T10:08:03","modified_gmt":"2024-03-25T09:08:03","slug":"partenaires","status":"publish","type":"page","link":"https:\/\/xn--amismusecrozatier-htb.fr\/index.php\/partenaires\/","title":{"rendered":"Partenaires"},"content":{"rendered":"\n<p><\/p>\n\n\n\n<div class=\"wp-block-columns is-layout-flex wp-container-core-columns-is-layout-28f84493 wp-block-columns-is-layout-flex\">\n<div class=\"wp-block-column is-layout-flow wp-block-column-is-layout-flow\">\n<figure class=\"wp-block-image aligncenter is-resized\"><img decoding=\"async\" src=\"https:\/\/amiscrozatier.fr\/images\/logo\/cin%C3%A9.jpg\" alt=\"\" style=\"width:178px;height:auto\"\/><\/figure>\n\n\n\n<p class=\"has-text-align-center\">Cin\u00e9 Dyke<\/p>\n<\/div>\n\n\n\n<div class=\"wp-block-column is-layout-flow wp-block-column-is-layout-flow\">\n<figure class=\"wp-block-image aligncenter is-resized\"><img decoding=\"async\" src=\"https:\/\/amiscrozatier.fr\/images\/logo\/c_m.jpg\" alt=\"\" style=\"width:324px;height:auto\"\/><\/figure>\n\n\n\n<p class=\"has-text-align-center\">Haute-Loire<\/p>\n<\/div>\n<\/div>\n\n\n\n<div class=\"wp-block-boldblocks-icon-separator\" role=\"separator\"><div class=\"wp-block-boldblocks-icon-separator__inner icon-center is-align-center\" style=\"--bb-border:1px solid;--bb--icon-width:1em;--bb--icon-spacing:.5em\"><svg xmlns=\"http:\/\/www.w3.org\/2000\/svg\" viewBox=\"0 0 512 512\" class=\"bb-icon bb-icon--crop\">\n  <path d=\"M458 346H192a26 26 0 0 1-26-26V54a22 22 0 0 0-44 0v68H54a22 22 0 0 0 0 44h68v154a70.08 70.08 0 0 0 70 70h154v68a22 22 0 0 0 44 0v-68h68a22 22 0 0 0 0-44Z\"><\/path>\n  <path d=\"M214 166h106a26 26 0 0 1 26 26v106a22 22 0 0 0 44 0V192a70.08 70.08 0 0 0-70-70H214a22 22 0 0 0 0 44Z\"><\/path>\n<\/svg><\/div><\/div>\n\n\n\n<div class=\"wp-block-columns is-layout-flex wp-container-core-columns-is-layout-28f84493 wp-block-columns-is-layout-flex\">\n<div class=\"wp-block-column is-layout-flow wp-block-column-is-layout-flow\">\n<figure class=\"wp-block-image aligncenter\"><img decoding=\"async\" src=\"https:\/\/amiscrozatier.fr\/images\/logo\/drac.jpg\" alt=\"\"\/><\/figure>\n\n\n\n<p class=\"has-text-align-center\">DRAC Auvergne<\/p>\n<\/div>\n\n\n\n<div class=\"wp-block-column is-layout-flow wp-block-column-is-layout-flow\">\n<figure class=\"wp-block-image aligncenter is-resized\"><img decoding=\"async\" src=\"https:\/\/amiscrozatier.fr\/images\/logo\/musee.jpg\" alt=\"\" style=\"width:102px;height:auto\"\/><\/figure>\n\n\n\n<p class=\"has-text-align-center\">Mus\u00e9e Crozatier<\/p>\n<\/div>\n<\/div>\n\n\n\n<div class=\"wp-block-boldblocks-icon-separator\" role=\"separator\"><div class=\"wp-block-boldblocks-icon-separator__inner icon-center is-align-center\" style=\"--bb-border:1px solid;--bb--icon-width:1em;--bb--icon-spacing:.5em\"><svg xmlns=\"http:\/\/www.w3.org\/2000\/svg\" viewBox=\"0 0 512 512\" class=\"bb-icon bb-icon--crop\">\n  <path d=\"M458 346H192a26 26 0 0 1-26-26V54a22 22 0 0 0-44 0v68H54a22 22 0 0 0 0 44h68v154a70.08 70.08 0 0 0 70 70h154v68a22 22 0 0 0 44 0v-68h68a22 22 0 0 0 0-44Z\"><\/path>\n  <path d=\"M214 166h106a26 26 0 0 1 26 26v106a22 22 0 0 0 44 0V192a70.08 70.08 0 0 0-70-70H214a22 22 0 0 0 0 44Z\"><\/path>\n<\/svg><\/div><\/div>\n\n\n\n<div class=\"wp-block-columns is-layout-flex wp-container-core-columns-is-layout-28f84493 wp-block-columns-is-layout-flex\">\n<div class=\"wp-block-column is-layout-flow wp-block-column-is-layout-flow\">\n<figure class=\"wp-block-image aligncenter\"><img decoding=\"async\" src=\"https:\/\/amiscrozatier.fr\/images\/logo\/cg43.jpg\" alt=\"\"\/><\/figure>\n\n\n\n<p class=\"has-text-align-center\">Conseil G\u00e9n\u00e9ral Haute-Loire<\/p>\n<\/div>\n\n\n\n<div class=\"wp-block-column is-layout-flow wp-block-column-is-layout-flow\">\n<figure class=\"wp-block-image aligncenter is-resized\"><img decoding=\"async\" src=\"https:\/\/amiscrozatier.fr\/images\/logo\/agglo.jpg\" alt=\"\" style=\"width:174px;height:auto\"\/><\/figure>\n\n\n\n<p class=\"has-text-align-center\">Communaut\u00e9 d&rsquo;agglom\u00e9ration Le Puy<\/p>\n<\/div>\n<\/div>\n\n\n\n<div class=\"wp-block-boldblocks-icon-separator\" role=\"separator\"><div class=\"wp-block-boldblocks-icon-separator__inner icon-center is-align-center\" style=\"--bb-border:1px solid;--bb--icon-width:1em;--bb--icon-spacing:.5em\"><svg xmlns=\"http:\/\/www.w3.org\/2000\/svg\" viewBox=\"0 0 512 512\" class=\"bb-icon bb-icon--crop\">\n  <path d=\"M458 346H192a26 26 0 0 1-26-26V54a22 22 0 0 0-44 0v68H54a22 22 0 0 0 0 44h68v154a70.08 70.08 0 0 0 70 70h154v68a22 22 0 0 0 44 0v-68h68a22 22 0 0 0 0-44Z\"><\/path>\n  <path d=\"M214 166h106a26 26 0 0 1 26 26v106a22 22 0 0 0 44 0V192a70.08 70.08 0 0 0-70-70H214a22 22 0 0 0 0 44Z\"><\/path>\n<\/svg><\/div><\/div>\n\n\n\n<div class=\"wp-block-columns is-layout-flex wp-container-core-columns-is-layout-28f84493 wp-block-columns-is-layout-flex\">\n<div class=\"wp-block-column is-layout-flow wp-block-column-is-layout-flow\">\n<figure class=\"wp-block-image aligncenter\"><img decoding=\"async\" src=\"https:\/\/amiscrozatier.fr\/images\/logo\/lepuy.jpg\" alt=\"\"\/><\/figure>\n\n\n\n<p class=\"has-text-align-center\">Ville du Puy en Velay<\/p>\n<\/div>\n\n\n\n<div class=\"wp-block-column is-layout-flow wp-block-column-is-layout-flow\">\n<figure class=\"wp-block-image aligncenter size-full is-resized\"><img decoding=\"async\" width=\"480\" height=\"480\" src=\"https:\/\/xn--amismusecrozatier-htb.fr\/wp-content\/uploads\/2024\/03\/ibis.png\" alt=\"\" class=\"wp-image-2763\" style=\"width:94px;height:auto\" srcset=\"https:\/\/xn--amismusecrozatier-htb.fr\/wp-content\/uploads\/2024\/03\/ibis.png 480w, https:\/\/xn--amismusecrozatier-htb.fr\/wp-content\/uploads\/2024\/03\/ibis-300x300.png 300w, https:\/\/xn--amismusecrozatier-htb.fr\/wp-content\/uploads\/2024\/03\/ibis-150x150.png 150w\" sizes=\"(max-width: 480px) 100vw, 480px\" \/><\/figure>\n\n\n\n<p class=\"has-text-align-center\">H\u00f4tel Ibis Le puy-en-Velay<\/p>\n<\/div>\n<\/div>\n\n\n\n<div class=\"wp-block-boldblocks-icon-separator\" role=\"separator\"><div class=\"wp-block-boldblocks-icon-separator__inner icon-center is-align-center\" style=\"--bb-border:1px solid;--bb--icon-width:1em;--bb--icon-spacing:.5em\"><svg xmlns=\"http:\/\/www.w3.org\/2000\/svg\" viewBox=\"0 0 512 512\" class=\"bb-icon bb-icon--crop\">\n  <path d=\"M458 346H192a26 26 0 0 1-26-26V54a22 22 0 0 0-44 0v68H54a22 22 0 0 0 0 44h68v154a70.08 70.08 0 0 0 70 70h154v68a22 22 0 0 0 44 0v-68h68a22 22 0 0 0 0-44Z\"><\/path>\n  <path d=\"M214 166h106a26 26 0 0 1 26 26v106a22 22 0 0 0 44 0V192a70.08 70.08 0 0 0-70-70H214a22 22 0 0 0 0 44Z\"><\/path>\n<\/svg><\/div><\/div>\n","protected":false},"excerpt":{"rendered":"<p>Cin\u00e9 Dyke Haute-Loire DRAC Auvergne Mus\u00e9e Crozatier Conseil G\u00e9n\u00e9ral Haute-Loire Communaut\u00e9 d&rsquo;agglom\u00e9ration Le Puy Ville du Puy en Velay H\u00f4tel Ibis Le puy-en-Velay<\/p>\n","protected":false},"author":1,"featured_media":0,"parent":0,"menu_order":0,"comment_status":"closed","ping_status":"closed","template":"","meta":{"qubely_global_settings":"","qubely_interactions":"","_editorskit_title_hidden":false,"_editorskit_reading_time":0,"_editorskit_is_block_options_detached":false,"_editorskit_block_options_position":"{}","footnotes":""},"folder":[23],"class_list":["post-738","page","type-page","status-publish","hentry"],"blocksy_meta":[],"_links":{"self":[{"href":"https:\/\/xn--amismusecrozatier-htb.fr\/index.php\/wp-json\/wp\/v2\/pages\/738","targetHints":{"allow":["GET"]}}],"collection":[{"href":"https:\/\/xn--amismusecrozatier-htb.fr\/index.php\/wp-json\/wp\/v2\/pages"}],"about":[{"href":"https:\/\/xn--amismusecrozatier-htb.fr\/index.php\/wp-json\/wp\/v2\/types\/page"}],"author":[{"embeddable":true,"href":"https:\/\/xn--amismusecrozatier-htb.fr\/index.php\/wp-json\/wp\/v2\/users\/1"}],"replies":[{"embeddable":true,"href":"https:\/\/xn--amismusecrozatier-htb.fr\/index.php\/wp-json\/wp\/v2\/comments?post=738"}],"version-history":[{"count":3,"href":"https:\/\/xn--amismusecrozatier-htb.fr\/index.php\/wp-json\/wp\/v2\/pages\/738\/revisions"}],"predecessor-version":[{"id":2764,"href":"https:\/\/xn--amismusecrozatier-htb.fr\/index.php\/wp-json\/wp\/v2\/pages\/738\/revisions\/2764"}],"wp:attachment":[{"href":"https:\/\/xn--amismusecrozatier-htb.fr\/index.php\/wp-json\/wp\/v2\/media?parent=738"}],"wp:term":[{"taxonomy":"folder","embeddable":true,"href":"https:\/\/xn--amismusecrozatier-htb.fr\/index.php\/wp-json\/wp\/v2\/folder?post=738"}],"curies":[{"name":"wp","href":"https:\/\/api.w.org\/{rel}","templated":true}]}}