{"id":989,"date":"2024-03-06T13:56:16","date_gmt":"2024-03-06T12:56:16","guid":{"rendered":"http:\/\/localhost\/?page_id=989"},"modified":"2024-03-17T11:39:29","modified_gmt":"2024-03-17T10:39:29","slug":"frida-kahlo","status":"publish","type":"page","link":"https:\/\/xn--amismusecrozatier-htb.fr\/index.php\/frida-kahlo\/","title":{"rendered":"Frida Kahlo"},"content":{"rendered":"\n<div class=\"wp-block-columns is-layout-flex wp-container-core-columns-is-layout-28f84493 wp-block-columns-is-layout-flex\">\n<div class=\"wp-block-column is-layout-flow wp-block-column-is-layout-flow\" style=\"flex-basis:33.33%\">\n<figure class=\"wp-block-image aligncenter size-full is-resized\"><img decoding=\"async\" width=\"670\" height=\"960\" src=\"https:\/\/xn--amismusecrozatier-htb.fr\/wp-content\/uploads\/2024\/03\/frida.jpg\" alt=\"\" class=\"wp-image-1774\" style=\"width:278px;height:auto\" srcset=\"https:\/\/xn--amismusecrozatier-htb.fr\/wp-content\/uploads\/2024\/03\/frida.jpg 670w, https:\/\/xn--amismusecrozatier-htb.fr\/wp-content\/uploads\/2024\/03\/frida-209x300.jpg 209w\" sizes=\"(max-width: 670px) 100vw, 670px\" \/><\/figure>\n<\/div>\n\n\n\n<div class=\"wp-block-column has-tablet-text-align-center has-mobile-text-align-center is-layout-flow wp-block-column-is-layout-flow\" style=\"flex-basis:66.66%\">\n<h5 class=\"wp-block-heading\">Frida KAHLO (1907-1954)<\/h5>\n\n\n\n<p><em>Conf\u00e9rence de Michel Delon<\/em><\/p>\n\n\n\n<p>Femme exceptionnelle, ic\u00f4ne f\u00e9ministe et politique, figure de proue de la culture mexicaine, Frida Kahlo a cr\u00e9\u00e9 une oeuvre reconnaissable entre toutes et singuli\u00e8re, faisant de son corps souffrant et de sa vie tumultueuse les sujets privil\u00e9gi\u00e9s de ses tableaux.<\/p>\n\n\n\n<p>La famille Magdalena Frida Carmen na\u00eet dans la \u00ab Maison bleue \u00bb (la \u00ab Casa azul \u00bb) construite par ses parents en 1904, actuel mus\u00e9e Frida Kahlo, au milieu d\u2019un quartier o\u00f9 habite la petite bourgeoise, \u00e0 Coyoacan, au sud de Mexico. La m\u00e8re de Frida Kahlo, Matilde Calderon y Gonzalez (1876-1932), est n\u00e9e \u00e0 Mexico.<br><br>Elle est la troisi\u00e8me fille d\u2019Isabel Gonzalez y Gonzalez, issue d\u2019une famille de g\u00e9n\u00e9raux d\u2019origine espagnole, et du photographe Antonio Calderon, originaire de la ville de Morelia. Illettr\u00e9e, d\u00e9vote, peu argent\u00e9e, elle sombre dans la d\u00e9pression apr\u00e8s avoir perdu son fils, un petit Wilhem, un an avent la naissance de Frida.<br><br>Son p\u00e8re, Guillermo Kahlo (18716 1941), n\u00e9 Carl Wilhem Kahlo \u00e0 Pforzheim, dans le grand-duch\u00e9 de Bade, en Allemagne, n\u2019\u00e9tait, comme le voudrait une l\u00e9gende r\u00e9pandue, juif d\u2019origine germano-austro-hongroise, mais un Allemand de confession luth\u00e9rienne, fils du bijoutier orf\u00e8vre Jakob Kahlo et de Henriette Kaufmann, issu de la bourgeoisie badoise.<br><br>C\u2019est \u00e0 son arriv\u00e9e au Mexique en 1891, \u00e0 l\u2019\u00e2ge de 19 ans, qu\u2019il modifia son nom. Il est d\u2019abord le photographe officiel au temps de Porfirio Diaz. Ruin\u00e9 par la R\u00e9volution, il termine sa carri\u00e8re comme simple photographe \u00e0 Mexico.<br><br>Frida Kahlo peint en 1936&nbsp;<strong>Mes grands-parents, mes parents et moi<\/strong>&nbsp;o\u00f9 elle raconte l\u2019histoire de ses origines, tel un arbre g\u00e9n\u00e9alogique. Elle a symbolis\u00e9 ses grands-parents maternels mexicains par la terre, et ses grands-parents paternels allemands au moyen de l\u2019oc\u00e9an. Elle est la petite- fille du jardin de la \u00ab Maison bleue \u00bb o\u00f9 elle est n\u00e9e et d\u00e9c\u00e9d\u00e9e. Au-dessus figurent ses parents dans la pose de leur photo de mariage, puis ses grands-parents paternels et maternels.<br><br><img decoding=\"async\" src=\"https:\/\/amiscrozatier.fr\/images\/origines.jpg\" width=\"550px\"><br><br>Elle peint un foetus (elle-m\u00eame ?) rattach\u00e9 \u00e0 sa m\u00e8re par un cordon ombilical et se relie de fa\u00e7on fi\u00e8re et \u00e9mouvante par des rubans aux deux pendants de son arbre g\u00e9n\u00e9alogique. C\u2019est apr\u00e8s ce tableau qu\u2019elle renoua avec sa soeur Cristina qui avait eu une liaison avec son mari et lui donnera m\u00eame un enfant qu\u2019 elle n\u2019aura jamais pu avoir.<br><br>A l\u2019\u00e2ge de six ans, Frida est victime d\u2019une poliomy\u00e9lite, l\u2019obligeant \u00e0 garder le lit pendant neuf mois. Sa jambe droite s\u2019atrophie et son pied ne grandit plus. Elle n\u2019atteindra jamais la taille qu\u2019elle devrait avoir. C\u2019est ce qui lui vaudra le surnom de \u00ab Frida la coja \u00bb (Frida la boiteuse) par ses camarades de classe. Il a \u00e9t\u00e9 suppos\u00e9 qu\u2019elle souffr\u00eet de spina bifida, une malformation cong\u00e9nitale de la colonne vert\u00e9brale, qui pourrait \u00e9galement avoir affect\u00e9 le d\u00e9veloppement de la jambe. Les m\u00e9decins font leur entr\u00e9e dans sa vie. La claudication s\u2019estompera progressivement, mais elle reste atrophi\u00e9e, elle la masque avec des bottines et des chaussettes hautes.<br><br>En 1922, alors \u00e2g\u00e9e de quinze ans, dot\u00e9e d\u2019une grande intelligence, elle quitte le cours sup\u00e9rieur du Colegio Aleman \u00e0 Mexico et int\u00e8gre la Escuela Nacional Preparatoria, consid\u00e9r\u00e9e comme le meilleur \u00e9tablissement scolaire du Mexique. Frida Kahlo est l\u2019une des trente -cinq premi\u00e8res filles admises sur un total de 2000 \u00e9l\u00e8ves. Elle s\u2019int\u00e9resse beaucoup aux sciences naturelles et souhaite alors devenir m\u00e9decin. Malgr\u00e9 l\u2019int\u00e9r\u00eat qu\u2019elle porte aux beaux-arts, qu\u2019elle doit \u00e0 son p\u00e8re, excellent photographe et accessoirement peintre d\u2019aquarelles, elle n\u2019envisage pas de se lancer dans une carri\u00e8re artistique.<br><br>Le 17 septembre 1925, Frida prend le bus pour rentrer chez elle apr\u00e8s ses cours. Soudain, l\u2019autobus sort de la route et percute un tramway. Plusieurs personnes trouvent la mort lors de l\u2019accident. Frida, elle, est gri\u00e8vement bless\u00e9e. Son abdomen et sa cavit\u00e9 pelvienne sont transperc\u00e9s par une barre de m\u00e9tal : ce traumatisme est responsable d\u2019un syndrome d\u2019Asherman, et sera la cause des fausses couches de Frida Kahlo. Cl explique \u00e9galement le th\u00e8me de nombre de ses oeuvres. Sa jambe droite subit un grand nombre de fractures, onze au total. Son pied droit est \u00e9gaiement cass\u00e9. Le bassin, les c\u00f4tes et la colonne vert\u00e9brale sont eux aussi bris\u00e9s. L\u2019\u00e9paule n\u2019est que d\u00e9mise. Elle reste alit\u00e9e pendant trois mois, dont un mois \u00e0 l\u2019h\u00f4pital. Mais environ un an apr\u00e8s l\u2019accident, elle doit retourner \u00e0 l\u2019h\u00f4pital, car on remarque qu\u2019une de ses vert\u00e8bres lombaires est fractur\u00e9es. Frida sera contrainte de porter durant neuf longs mois des corsets en pl\u00e2tre.<br><br><img decoding=\"async\" src=\"https:\/\/amiscrozatier.fr\/images\/bus.jpg\" width=\"550px\"><br><br>C\u2019est alors qu\u2019elle commence \u00e0 peindre. Elle d\u00e9clare alors : \u00ab Je ne suis pas morte et j\u2019ai une raison de vivre. Cette raison, c\u2019est la peinture \u00bb. Pour l\u2019aider, sa m\u00e8re lui offre une bo\u00eete de couleurs, lui fait fabriquer un chevalet sp\u00e9cial et fait installer un baldaquin au-dessus de son lit avec un miroir pour ciel. Elle peut ainsi se servir de son reflet comme mod\u00e8le, ce qui est probablement l\u2019\u00e9l\u00e9ment d\u00e9clencheur de la longue s\u00e9rie d\u2019autoportraits qu\u2019elle r\u00e9alisera. En effet, sur 150 tableaux, 55 rel\u00e8vent de ce genre. L\u2019artiste doit subir de nombreuses interventions chirurgicales qui l\u2019obligent \u00e0 rester couch\u00e9e sur un lit d\u2019h\u00f4pital.<br><br><strong>Vie et carri\u00e8re artistique<\/strong><br>En 1928, son amie la photographe Tina Modotti l\u2019incite \u00e0 s\u2019inscrire au Parti communiste mexicain. Elle s\u2019int\u00e9resse particuli\u00e8rement \u00e0 l\u2019\u00e9mancipation des femmes dans la soci\u00e9t\u00e9 mexicaine, encore tr\u00e8s patriarcale. Elle d\u00e9cide d\u00e8s son jeune \u00e2ge qu\u2019elle ne veut pas suivre le m\u00eame parcours que la plupart des femmes mexicaines. Elle a un d\u00e9sir de voyages, d\u2019\u00e9tudes. Elle veut la libert\u00e9 et le plaisir.<br><br><strong>Diego Rivera<\/strong><br>Cette m\u00eame ann\u00e9e, Frida rencontre pour la premi\u00e8re fois Diego Rivera (1886-1957) dans l\u2019auditorium de son \u00e9cole, celui-ci faisait une peinture murale. Elle admire beaucoup ce peintre et lui demande son avis au sujet de ses propres tableaux, le fond de sa pens\u00e9e. Le muraliste est impressionn\u00e9 par les r\u00e9alisations de la jeune mexicaine. Frida Kahlo \u00e9pouse Diego Rivera, de 21 ans son a\u00een\u00e9, le 21 aout 1929. Ils s\u2019installent \u00e0 Mexico dans un atelier, mais Diego ne tarde pas \u00e0 la tromper. Elle-m\u00eame s\u2019engage dans de nombreuses relations extraconjugales ; bisexuelle, elle s\u00e9duit de nombreux hommes et femmes. Bien que compliqu\u00e9e, leur relation est v\u00e9ritablement passionn\u00e9e.<br><br><strong>Les autoportraits<\/strong><br>L\u2019autoportrait tinet une place tr\u00e8s importante dans son OEuvre. Comme l\u2019a dit un jour : \u00ab Je me suis peins moi-m\u00eame parce que je suis seule, je suis le sujet que je connais le mieux \u00bb. On n\u2019en compte pas moins de 55 sur les 150 tableaux qu\u2019elle a peints. En se mettant elle-m\u00eame en sc\u00e8ne, elle exprime ses souffrances. Sa peinture devient porte-parole de sa douleur. Hors de question pour elle de masquer ses angoisses qui font partie int\u00e9grante de sa vie. D\u2019autres artistes, \u00e0 l\u2019image de Van Gogh ou Rembrandt, se sont aussi repr\u00e9sent\u00e9s dans des conditions extr\u00eames, ne laissant aucun doute sur leur sant\u00e9 mentale fragile.<br><br><strong>L\u2019h\u00f4pital Henry-Ford ou le lit volant, 1932<\/strong><br>Ce tableau bouleversant \u00e9voque le traumatisme que Frida a subi \u00e0 l\u2019h\u00f4pital Henry- Ford apr\u00e8s l\u2019interruption involontaire de sa grossesse. Diego Rivera, son mari disait de cette oeuvre : \u00ab Jamais auparavant une femme n\u2019avait couvert d\u2019une po\u00e9sie aussi d\u00e9chirante.&nbsp;<img decoding=\"async\" src=\"https:\/\/amiscrozatier.fr\/images\/lit.jpg\" width=\"550px\"><br><br><strong>La colonne bris\u00e9e, 1944<\/strong><br>Le contraste d\u00e9lib\u00e9r\u00e9 entre la beaut\u00e9 du corps de Frida et sa profanation monstrueuse \u00e0 force de d\u00e9chirures et de blessures rend cette composition tragique, si bouleversante.&nbsp;<img decoding=\"async\" src=\"https:\/\/amiscrozatier.fr\/images\/col.jpg\" width=\"550px\"><br><br><strong>Le petit cerf, 1946<\/strong><br>Autre repr\u00e9sentation bouleversante du martyre qu\u2019elle vivait : la t\u00eate du jeune animal a \u00e9t\u00e9 remplac\u00e9 par celle de Frida. Les fl\u00e8ches qui transpercent rappelle le supplice de St S\u00e9bastien, comme sur de nombreux tableaux de la Renaissance.<br><img decoding=\"async\" src=\"https:\/\/amiscrozatier.fr\/images\/cerf.jpg\" width=\"550px\"><br><br><strong>Sans espoir, 1945<\/strong><br>Au dos de ce tableau d\u00e9rangeant peint alors qu\u2019elle subissait une nouvelle s\u00e9rie d\u2019op\u00e9rations, Frida \u00e9crivit : \u00ab Il ne me reste pas une once d\u2019espoir\u2026 Tout se d\u00e9place en mesure avec le contenu de mon ventre \u00bb.<br><img decoding=\"async\" src=\"https:\/\/amiscrozatier.fr\/images\/espoir.jpg\" width=\"550px\"><br><br><strong>Les deux Frida<\/strong><br>C\u2019est peu de temps apr\u00e8s son divorce avec Diego Rivera que Frida Kahlo a accompli cet autoportrait repr\u00e9sentant deux personnalit\u00e9s diff\u00e9rentes. Le personnage de droite repr\u00e9sente la personne qu\u2019aimait Diego Rivera, une \u00ab Frida \u00bb dans un costume mexicain. Dans sa main elle tient un portrait de Diego RIVERA. La \u00ab Frida \u00bb de gauche est plut\u00f4t de type europ\u00e9en dans une robe blanche en dentelle et repr\u00e9sente la Frida que Diego n\u2019aimait plus. Les coeurs des deux femmes se retrouvent expos\u00e9s, un proc\u00e9d\u00e9 que Frida Kahlo a souvent employ\u00e9 pour exprimer sa douleur. Le coeur de la Frida \u00ab mal aim\u00e9e \u00bb est bris\u00e9 alors que l\u2019autre est entier. A partir de l\u2019amulette que tient la Frida de droite part une veine qui traverse les coeurs des deux femmes est finalement coup\u00e9e par une paire de ciseaux que tient la Frida rejet\u00e9e. En d\u00e9sespoir de cause, elle tente d\u2019arr\u00eater l\u2019\u00e9coulement de sang de Diego qui continue pourtant \u00e0 gouter. Le ciel orageux rempli de nuages peut refl\u00e9ter l\u2019agitation int\u00e9rieure de Frida Kahlo. Frida entre dans une d\u00e9pression profonde quand elle apprend que son mari d\u00e9veloppe une relation charnelle avec sa jeune soeur qu\u2019il utilise comme mod\u00e8le. De cette union, na\u00eetra un enfant. Frida vivra cette relation comme une v\u00e9ritable trahison. \u00ab Dans sa d\u00e9sesp\u00e9rance, Frida d\u00e9cide de couper sa longue chevelure noire qu\u2019aimait son mari ; elle adopte aussi l\u2019uniforme gris qui contraste avec ses grandes robes fleuries qu\u2019elle abordait jusqu\u2019alors. Elle envoie ses autoportraits \u00e0 Diego pour lui signaler que d\u00e9sormais elle sera laide \u00e0 ses yeux. A la m\u00eame \u00e9poque, elle peint les deux Frida dont l\u2019une tient un m\u00e9daillon avec le visage de Diego et l\u2019autre des ciseaux en train de couper sa propre art\u00e8re coronarienne. \u00bb Affaiblie par une grave pneumonie, Frida Kahlo meurt dans la nuit du 13 juillet 1954, sept jours apr\u00e8s son quaranti\u00e8me anniversaire, officiellement d\u2019une embolie pulmonaire. Cependant, selon Hayden Herrera, les derniers mots de son journal (\u00ab J\u2019esp\u00e8re que la sortie sera joyeuse\u2026 J\u2019esp\u00e8re bien ne jamais revenir \u2014 Frida) et son dernier dessin sugg\u00e8rent qu\u2019elle serait suicid\u00e9e ; il affirme d\u2019ailleurs que certains de ses amis ont cru que sa mort \u00e9tait due \u00e0 une overdose de m\u00e9dicaments, qui n\u2019\u00e9tait peut-\u00eatre pas accidentelle. Toutefois, au coeur m\u00eame de son dernier tableau, peint juste avant de mourir, elle a \u00e9crit : \u00ab Viva la Vida \u00bb (\u00ab Vive la vie \u00bb). Elle est incin\u00e9r\u00e9e le 14 juillet, comme elle le d\u00e9sirait : elle avait expliqu\u00e9 qu\u2019elle ne souhaitait pas \u00eatre enterr\u00e9e couch\u00e9e, ayant trop souffert dans cette position au cours de ses nombreux s\u00e9jours \u00e0 l\u2019h\u00f4pital. Ses cendres reposent dans la Casa azul \u00e0 Coyoacan, sur son lit, dans une urne qui a la forme de son visage.<br><img decoding=\"async\" src=\"https:\/\/amiscrozatier.fr\/images\/deux.jpg\" width=\"550px\"><\/p>\n<\/div>\n<\/div>\n","protected":false},"excerpt":{"rendered":"<p>Frida KAHLO (1907-1954) Conf\u00e9rence de Michel Delon Femme exceptionnelle, ic\u00f4ne f\u00e9ministe et politique, figure de proue de la culture mexicaine, Frida Kahlo a cr\u00e9\u00e9 une oeuvre reconnaissable entre toutes et singuli\u00e8re, faisant de son corps souffrant et de sa vie tumultueuse les sujets privil\u00e9gi\u00e9s de ses tableaux. La famille Magdalena Frida Carmen na\u00eet dans la [&hellip;]<\/p>\n","protected":false},"author":1,"featured_media":0,"parent":0,"menu_order":0,"comment_status":"closed","ping_status":"closed","template":"","meta":{"qubely_global_settings":"","qubely_interactions":"","_editorskit_title_hidden":true,"_editorskit_reading_time":0,"_editorskit_is_block_options_detached":false,"_editorskit_block_options_position":"{}","footnotes":""},"folder":[21],"class_list":["post-989","page","type-page","status-publish","hentry"],"blocksy_meta":[],"_links":{"self":[{"href":"https:\/\/xn--amismusecrozatier-htb.fr\/index.php\/wp-json\/wp\/v2\/pages\/989","targetHints":{"allow":["GET"]}}],"collection":[{"href":"https:\/\/xn--amismusecrozatier-htb.fr\/index.php\/wp-json\/wp\/v2\/pages"}],"about":[{"href":"https:\/\/xn--amismusecrozatier-htb.fr\/index.php\/wp-json\/wp\/v2\/types\/page"}],"author":[{"embeddable":true,"href":"https:\/\/xn--amismusecrozatier-htb.fr\/index.php\/wp-json\/wp\/v2\/users\/1"}],"replies":[{"embeddable":true,"href":"https:\/\/xn--amismusecrozatier-htb.fr\/index.php\/wp-json\/wp\/v2\/comments?post=989"}],"version-history":[{"count":6,"href":"https:\/\/xn--amismusecrozatier-htb.fr\/index.php\/wp-json\/wp\/v2\/pages\/989\/revisions"}],"predecessor-version":[{"id":2036,"href":"https:\/\/xn--amismusecrozatier-htb.fr\/index.php\/wp-json\/wp\/v2\/pages\/989\/revisions\/2036"}],"wp:attachment":[{"href":"https:\/\/xn--amismusecrozatier-htb.fr\/index.php\/wp-json\/wp\/v2\/media?parent=989"}],"wp:term":[{"taxonomy":"folder","embeddable":true,"href":"https:\/\/xn--amismusecrozatier-htb.fr\/index.php\/wp-json\/wp\/v2\/folder?post=989"}],"curies":[{"name":"wp","href":"https:\/\/api.w.org\/{rel}","templated":true}]}}