{"id":996,"date":"2024-03-06T14:01:51","date_gmt":"2024-03-06T13:01:51","guid":{"rendered":"http:\/\/localhost\/?page_id=996"},"modified":"2024-03-17T11:39:10","modified_gmt":"2024-03-17T10:39:10","slug":"le-chapiteau-roman-du-crouzet-de-chadron","status":"publish","type":"page","link":"https:\/\/xn--amismusecrozatier-htb.fr\/index.php\/le-chapiteau-roman-du-crouzet-de-chadron\/","title":{"rendered":"Le chapiteau roman du Crouzet de Chadron."},"content":{"rendered":"\n<div class=\"wp-block-columns is-layout-flex wp-container-core-columns-is-layout-28f84493 wp-block-columns-is-layout-flex\">\n<div class=\"wp-block-column is-layout-flow wp-block-column-is-layout-flow\" style=\"flex-basis:33.33%\">\n<figure class=\"wp-block-image aligncenter size-full is-resized\"><img decoding=\"async\" width=\"200\" height=\"319\" src=\"https:\/\/xn--amismusecrozatier-htb.fr\/wp-content\/uploads\/2024\/03\/crouzet2.png\" alt=\"\" class=\"wp-image-1768\" style=\"width:248px;height:auto\" srcset=\"https:\/\/xn--amismusecrozatier-htb.fr\/wp-content\/uploads\/2024\/03\/crouzet2.png 200w, https:\/\/xn--amismusecrozatier-htb.fr\/wp-content\/uploads\/2024\/03\/crouzet2-188x300.png 188w\" sizes=\"(max-width: 200px) 100vw, 200px\" \/><\/figure>\n<\/div>\n\n\n\n<div class=\"wp-block-column has-tablet-text-align-center has-mobile-text-align-center is-layout-flow wp-block-column-is-layout-flow\" style=\"flex-basis:66.66%\">\n<h5 class=\"wp-block-heading\">Retour sur l\u2019improbable aventure du chapiteau roman du Crouzet de Chadron.<\/h5>\n\n\n\n<p><em>Article de L\u2019Eveil, publi\u00e9 le 14\/09\/2021.<\/em><\/p>\n\n\n\n<blockquote class=\"wp-block-quote is-layout-flow wp-block-quote-is-layout-flow\">\n<p>Apr\u00e8s maintes mais heureuses p\u00e9rip\u00e9ties, le chapiteau roman du Crouzet de Chadron, nouveau pensionnaire du mus\u00e9e Crozatier a fait l\u2019objet d\u2019une pr\u00e9sentation \u00ab priv\u00e9e \u00bb, vendredi, une avant-premi\u00e8re r\u00e9serv\u00e9e aux 123 souscripteurs dont la g\u00e9n\u00e9rosit\u00e9 a permis son acquisition.<\/p>\n<\/blockquote>\n\n\n\n<p>Deux associations se sont montr\u00e9es solidaires et r\u00e9actives dans cette aventure : les Amis du mus\u00e9e et la Soci\u00e9t\u00e9 acad\u00e9mique dont les pr\u00e9sidents respectifs, Jo\u00eblle Garnier et Bernard Sanial \u00e9taient chaleureusement remerci\u00e9s par Maud Leyoudec, conservatrice. Tr\u00f4nant majestueusement dans la salle des lapidaires, le chapiteau de pierre, \u00ab orn\u00e9 de mufles encadr\u00e9s de figures animali\u00e8res, voire monstrueuses, unique en Velay \u00bb a fait l\u2019objet d\u2019une pr\u00e9cieuse analyse, confi\u00e9e \u00e0 Laurence Cabrero-Ravel (*), sp\u00e9cialiste du chapiteau roman. L\u2019historienne de l\u2019art, ma\u00eetre de conf\u00e9rences \u00e0 l\u2019Universit\u00e9 de Pau et des Pays de l\u2019Adour a partag\u00e9 avec le public les principaux r\u00e9sultats de ses travaux.<\/p>\n\n\n\n<h5 class=\"wp-block-heading\">Ne pas laisser ce chapiteau exceptionnel partir sous d\u2019autres cieux\u2026<\/h5>\n\n\n\n<p>Avant de lui confier la parole, Maud Leyoudec revenait sur l\u2019\u00e9pop\u00e9e peu banale ayant conduit cette \u0153uvre exceptionnelle depuis un mur d\u2019enceinte du hameau du Crouzet jusqu\u2019\u00e0 l\u2019\u00e9crin du mus\u00e9e\u2026 Tout a commenc\u00e9 par la publication d\u2019une vente sur un site marchand Internet tr\u00e8s pris\u00e9 du public, celle d\u2019un \u00ab chapiteau roman provenant d\u2019un \u00e9difice d\u00e9truit de Haute-Loire \u00bb. Imm\u00e9diatement inform\u00e9s, convaincus au premier regard de l\u2019int\u00e9r\u00eat de la sculpture, nous avons, avec Emmanuel Magne, contact\u00e9 le minist\u00e8re de la Culture, Le Louvre et le mus\u00e9e national du Moyen \u00c2ge. Leur r\u00e9ponse ne s\u2019est pas fait attendre : \u00ab Il faut que cette \u0153uvre entre au mus\u00e9e\u2009! \u00bb. Une visite sur place d\u00e8s le lendemain confirmait cette premi\u00e8re appr\u00e9ciation, point de d\u00e9part d\u2019une n\u00e9cessaire n\u00e9gociation : le vendeur, dont la m\u00e8re avait assur\u00e9 un temps le secr\u00e9tariat de la Soci\u00e9t\u00e9 acad\u00e9mique, acceptait de r\u00e9server son bien dans l\u2019attente d\u2019expertises plus pouss\u00e9es. \u00ab D\u00e9tenteurs du label Mus\u00e9e de France, nous avons pu b\u00e9n\u00e9ficier du conseil et de l\u2019expertise des services de l\u2019\u00c9tat : Pierre-Yves Paugam, conservateur sculptures au mus\u00e9e du Louvre ayant confirm\u00e9 la raret\u00e9 et la qualit\u00e9 de l\u2019\u0153uvre, nous avons \u00e9galement pu v\u00e9rifier qu\u2019il ne s\u2019agissait pas d\u2019un bien spoli\u00e9, avant de formuler une proposition de prix. \u00bb<\/p>\n\n\n\n<h5 class=\"wp-block-heading\">12.000 euros, restauration comprise.<\/h5>\n\n\n\n<p>Bien que tenaill\u00e9 par \u00ab l\u2019envie f\u00e9roce \u00bb d\u2019acqu\u00e9rir le chapiteau, le mus\u00e9e, engag\u00e9 dans d\u2019autres acquisitions ne dispose, h\u00e9las, pas du budget n\u00e9cessaire\u2026 12.000 euros, restauration comprise, un prix \u00ab raisonnable et conforme au march\u00e9 \u00bb\u2026 encore faut-il en disposer\u2009! Mais, ainsi que le d\u00e9clare Jo\u00eblle Garnier : \u00ab Quand il y a une volont\u00e9, il y a un chemin\u2026 et, avec nos amis de la Soci\u00e9t\u00e9 acad\u00e9mique, nous l\u2019avons trouv\u00e9\u2009! \u00bb. Une souscription, lanc\u00e9e avec panache par les deux associations a permis de r\u00e9unir la somme n\u00e9cessaire \u00e0 l\u2019achat dudit chapiteau, d\u00e9sormais pi\u00e8ce remarquable des collections lapidaires du mus\u00e9e.<\/p>\n\n\n\n<h5 class=\"wp-block-heading\">Une \u0153uvre entour\u00e9e de myst\u00e8res.<\/h5>\n\n\n\n<p>Quand son mari lui demande \u00ab qu\u2019est-ce qui te ferait plaisir\u2009? \u00bb, Laurence Cabrero-Ravel r\u00e9pond invariablement \u00ab une visite au mus\u00e9e du Puy-en-Velay. \u00bb Consult\u00e9e d\u00e8s le d\u00e9but de l\u2019aventure, la sp\u00e9cialiste des chapiteaux romans s\u2019est lanc\u00e9e avec une passion f\u00e9brile dans l\u2019\u00e9tude de celui du Crouzet de Chadron, en explorant tour \u00e0 tour les aspects p\u00e9trographiques \u2013 \u00e9tude de la composition chimique et min\u00e9ralogique des roches et des min\u00e9raux, et celle de leur formation- historique, esth\u00e9tique et symbolique\u2026 Si ses travaux vont donner lieu \u00e0 une publication d\u00e9taill\u00e9e au sein d\u2019une prochaine \u00e9dition du Bulletin de la Soci\u00e9t\u00e9 acad\u00e9mique, on en retiendra ici quelques captivants extraits\u2026 Le pr\u00e9cieux concours de Jean-No\u00ebl Borget et son expertise permettent d\u2019affirmer que \u00ab cette sculpture vellave du XIIe si\u00e8cle de 150 kg a \u00e9t\u00e9 r\u00e9alis\u00e9e dans un bloc d\u2019arkose ponctu\u00e9 d\u2019hydroxyde de fer, provenant probablement des carri\u00e8res de Blavozy. \u00bb Quelques traces de polychromie -jaune, brun, rouge-, \u00e9tonnamment pr\u00e9serv\u00e9es des intemp\u00e9ries subsistent encore, laissant \u00e0 penser qu\u2019\u00e0 l\u2019origine, les \u00e9l\u00e9ments de d\u00e9cor \u2013 mufles grima\u00e7ants, \u00e9l\u00e9ments v\u00e9g\u00e9taux\u2026- ont \u00e9t\u00e9 rehauss\u00e9s de couleurs. Au fil du temps, le chapiteau a \u00e9t\u00e9 r\u00e9employ\u00e9 comme base d\u2019une croix grav\u00e9e d\u2019une date sujette \u00e0 caution.<\/p>\n\n\n\n<h5 class=\"wp-block-heading\">D\u00e9terminer la provenance\u2026<\/h5>\n\n\n\n<p>Appartenance \u00e0 un \u00e9difice religieux\u2009? \u00c9l\u00e9ment isol\u00e9 ou faisant partie d\u2019un ensemble\u2009? Fonction probable\u2009? Autant de questions auxquelles l\u2019universitaire, arm\u00e9e de pr\u00e9cieux indices tente de r\u00e9pondre : les dimensions par exemple\u2026 46 cm de hauteur, 64 de largeur et 43 pour le diam\u00e8tre du lit de pose circulaire permettent de d\u00e9duire que le chapiteau, de volume comparable \u00e0 ceux de l\u2019abbatiale Saint-Th\u00e9ofr\u00e8de du Monastier surmontait probablement une colonne. Celle d\u2019un \u00e9difice religieux proche de Chadron\u2009? Si s\u00e9duisante soit-elle, l\u2019hypoth\u00e8se \u00e9mise quant \u00e0 la provenance possible de l\u2019\u00e9glise disparue de Goudet o\u00f9 un important prieur\u00e9 est attest\u00e9 avant la R\u00e9volution, n\u2019est pas encore v\u00e9rifi\u00e9e \u00e0 ce jour\u2026<\/p>\n\n\n\n<h5 class=\"wp-block-heading\">Caract\u00e9ristiques de l\u2019art roman du XIIe si\u00e8cle.<\/h5>\n\n\n\n<p>Sculpt\u00e9 sur quatre faces -dont une est moins aboutie que les autres-, le bloc d\u2019arkose s\u2019anime d\u2019un d\u00e9cor m\u00ealant compositions v\u00e9g\u00e9tales, figures animales et mufles de quadrup\u00e8de r\u00e9gurgitant, dans un jeu de verticalit\u00e9 des \u00ab monstres \u00bb qui s\u2019apparentent \u00e0 des dragons. Un long travail de recherche de similitudes dans le vaste univers des chapiteaux romans permet de qualifier \u00ab d\u2019habit\u00e9 \u00bb ce chapiteau corinthien, caract\u00e9ris\u00e9 par la pr\u00e9sence des registres du v\u00e9g\u00e9tal \u2013 feuilles d\u2019acanthe \u2013 et du figur\u00e9. \u00c0 la vue de tels d\u00e9cors, se pose in\u00e9vitablement l\u2019\u00e9pineuse question de leur signification\u2009? \u00ab Au XIIe si\u00e8cle, St Bernard consid\u00e9rait ces cr\u00e9atures, \u00ab beaut\u00e9s d\u2019une \u00e9tonnante monstruosit\u00e9, comme simple divertissement \u00bb. Une approche plus subjective en avancerait l\u2019expression d\u2019une nature sauvage dont le d\u00e9r\u00e8glement contraste avec l\u2019ordre du monde c\u00e9leste\u2026 mais dans ce domaine, comme dans bien d\u2019autres, le conditionnel doit rester de rigueur, nous invitant \u00e0 \u00ab aborder notre chapiteau avec prudence et pr\u00e9caution \u00bb, concluait Laurence Cabrero-Ravel.<\/p>\n\n\n\n<p><em>(*) Sa th\u00e8se, soutenue en 1996 \u00e9tait consacr\u00e9e \u00e0 Notre-Dame du Port et la sculpture ornementale des \u00e9glises romanes d\u2019Auvergne, les chapiteaux corinthiens et leurs d\u00e9riv\u00e9s (fin XIe- XIIe si\u00e8cle).<\/em><\/p>\n<\/div>\n<\/div>\n","protected":false},"excerpt":{"rendered":"<p>Retour sur l\u2019improbable aventure du chapiteau roman du Crouzet de Chadron. Article de L\u2019Eveil, publi\u00e9 le 14\/09\/2021. Apr\u00e8s maintes mais heureuses p\u00e9rip\u00e9ties, le chapiteau roman du Crouzet de Chadron, nouveau pensionnaire du mus\u00e9e Crozatier a fait l\u2019objet d\u2019une pr\u00e9sentation \u00ab priv\u00e9e \u00bb, vendredi, une avant-premi\u00e8re r\u00e9serv\u00e9e aux 123 souscripteurs dont la g\u00e9n\u00e9rosit\u00e9 a permis son [&hellip;]<\/p>\n","protected":false},"author":1,"featured_media":0,"parent":0,"menu_order":0,"comment_status":"closed","ping_status":"closed","template":"","meta":{"qubely_global_settings":"","qubely_interactions":"","_editorskit_title_hidden":false,"_editorskit_reading_time":0,"_editorskit_is_block_options_detached":false,"_editorskit_block_options_position":"{}","footnotes":""},"folder":[21],"class_list":["post-996","page","type-page","status-publish","hentry"],"blocksy_meta":[],"_links":{"self":[{"href":"https:\/\/xn--amismusecrozatier-htb.fr\/index.php\/wp-json\/wp\/v2\/pages\/996","targetHints":{"allow":["GET"]}}],"collection":[{"href":"https:\/\/xn--amismusecrozatier-htb.fr\/index.php\/wp-json\/wp\/v2\/pages"}],"about":[{"href":"https:\/\/xn--amismusecrozatier-htb.fr\/index.php\/wp-json\/wp\/v2\/types\/page"}],"author":[{"embeddable":true,"href":"https:\/\/xn--amismusecrozatier-htb.fr\/index.php\/wp-json\/wp\/v2\/users\/1"}],"replies":[{"embeddable":true,"href":"https:\/\/xn--amismusecrozatier-htb.fr\/index.php\/wp-json\/wp\/v2\/comments?post=996"}],"version-history":[{"count":4,"href":"https:\/\/xn--amismusecrozatier-htb.fr\/index.php\/wp-json\/wp\/v2\/pages\/996\/revisions"}],"predecessor-version":[{"id":2035,"href":"https:\/\/xn--amismusecrozatier-htb.fr\/index.php\/wp-json\/wp\/v2\/pages\/996\/revisions\/2035"}],"wp:attachment":[{"href":"https:\/\/xn--amismusecrozatier-htb.fr\/index.php\/wp-json\/wp\/v2\/media?parent=996"}],"wp:term":[{"taxonomy":"folder","embeddable":true,"href":"https:\/\/xn--amismusecrozatier-htb.fr\/index.php\/wp-json\/wp\/v2\/folder?post=996"}],"curies":[{"name":"wp","href":"https:\/\/api.w.org\/{rel}","templated":true}]}}